{"id":259,"date":"2021-04-30T16:50:32","date_gmt":"2021-04-30T16:50:32","guid":{"rendered":"https:\/\/preview.treethemes.com\/hazel\/demo2\/?page_id=259"},"modified":"2023-09-14T06:23:06","modified_gmt":"2023-09-14T06:23:06","slug":"home","status":"publish","type":"page","link":"https:\/\/web-developer.lt\/","title":{"rendered":"WEB-DEVELOPER &#8211; internetini\u0173 svetaini\u0173 ir parduotuvi\u0173 k\u016brimas"},"content":{"rendered":"<div class=\"vc_row wpb_row vc_row-fluid wpb_animate_when_almost_visible wpb_fadeIn fadeIn\"><div class=\"wpb_column vc_column_container vc_col-sm-12\"><div class=\"vc_column-inner\"><div class=\"wpb_wrapper\">\n\t\t\t<!-- START Home Slider REVOLUTION SLIDER 6.5.9 --><p class=\"rs-p-wp-fix\"><\/p>\n\t\t\t<rs-module-wrap id=\"rev_slider_1_1_wrapper\" data-source=\"gallery\" style=\"visibility:hidden;background:#f0f0f0;padding:0;\">\n\t\t\t\t<rs-module id=\"rev_slider_1_1\" style=\"\" data-version=\"6.5.9\">\n\t\t\t\t\t<rs-slides>\n\t\t\t\t\t\t<rs-slide style=\"position: absolute;\" data-key=\"rs-1\" data-title=\"Desk\" data-in=\"o:0;\" data-out=\"a:false;\">\n\t\t\t\t\t\t\t<img loading=\"lazy\" decoding=\"async\" src=\"\/\/web-developer.lt\/wp-content\/plugins\/revslider\/public\/assets\/assets\/dummy.png\" title=\"IMG_0284b.jpg\" width=\"1600\" height=\"1067\" class=\"rev-slidebg tp-rs-img rs-lazyload\" data-lazyload=\"\/\/web-developer.lt\/wp-content\/uploads\/2021\/04\/IMG_0284b.jpg\" data-parallax=\"1\" data-no-retina>\n<!--\n\t\t\t\t\t\t\t--><rs-layer\n\t\t\t\t\t\t\t\tid=\"slider-1-slide-1-layer-1\" \n\t\t\t\t\t\t\t\tdata-type=\"text\"\n\t\t\t\t\t\t\t\tdata-color=\"#fff\"\n\t\t\t\t\t\t\t\tdata-rsp_ch=\"on\"\n\t\t\t\t\t\t\t\tdata-xy=\"x:c;y:m;yo:-83px,-83px,-75px,-46px;\"\n\t\t\t\t\t\t\t\tdata-text=\"s:45,45,30,30;l:50,50,33,30;ls:10px,10px,6px,3px;fw:500;a:center;\"\n\t\t\t\t\t\t\t\tdata-dim=\"minh:0px,0px,none,none;\"\n\t\t\t\t\t\t\t\tdata-frame_0=\"y:50px,50px,33px,20px;\"\n\t\t\t\t\t\t\t\tdata-frame_1=\"e:power3.out;st:300;sR:300;\"\n\t\t\t\t\t\t\t\tdata-frame_999=\"st:w;sR:8400;auto:true;\"\n\t\t\t\t\t\t\t\tstyle=\"z-index:5;font-family:'Dosis';text-transform:uppercase;\"\n\t\t\t\t\t\t\t>Profesionali\u0173 internetini\u0173<br>svetaini\u0173 k\u016brimas \n\t\t\t\t\t\t\t<\/rs-layer><!--\n\n\t\t\t\t\t\t\t--><rs-layer\n\t\t\t\t\t\t\t\tid=\"slider-1-slide-1-layer-2\" \n\t\t\t\t\t\t\t\tclass=\"mintitextthingrey_upper\"\n\t\t\t\t\t\t\t\tdata-type=\"text\"\n\t\t\t\t\t\t\t\tdata-color=\"#dddddd\"\n\t\t\t\t\t\t\t\tdata-rsp_ch=\"on\"\n\t\t\t\t\t\t\t\tdata-xy=\"x:c;xo:-1px,-1px,-1px,0;y:m;yo:0,0,0,18px;\"\n\t\t\t\t\t\t\t\tdata-text=\"w:normal;s:20,20,20,16;l:30,30,30,19;fw:300;a:center;\"\n\t\t\t\t\t\t\t\tdata-dim=\"w:573px,573px,573px,394px;h:69px;\"\n\t\t\t\t\t\t\t\tdata-frame_0=\"y:50px;\"\n\t\t\t\t\t\t\t\tdata-frame_1=\"e:power3.out;st:500;sR:500;\"\n\t\t\t\t\t\t\t\tdata-frame_999=\"st:w;sR:8200;auto:true;\"\n\t\t\t\t\t\t\t\tstyle=\"z-index:6;font-family:'Open Sans';\"\n\t\t\t\t\t\t\t>\u012evairaus tipo svetaini\u0173 ir e-parduotuvi\u0173 k\u016brimas, marketingo strategijos ir svetaini\u0173 administravimas \n\t\t\t\t\t\t\t<\/rs-layer><!--\n-->\t\t\t\t\t\t<\/rs-slide>\n\t\t\t\t\t<\/rs-slides>\n\t\t\t\t<\/rs-module>\n\t\t\t\t<script type=\"text\/javascript\">\n\t\t\t\t\tsetREVStartSize({c: 'rev_slider_1_1',rl:[1240,1240,778,480],el:[800,800,960,720],gw:[1160,1160,778,480],gh:[800,800,960,720],type:'standard',justify:'',layout:'fullscreen',offsetContainer:'#header',offset:'',mh:\"0\"});if (window.RS_MODULES!==undefined && window.RS_MODULES.modules!==undefined && window.RS_MODULES.modules[\"revslider11\"]!==undefined) {window.RS_MODULES.modules[\"revslider11\"].once = false;window.revapi1 = undefined;if (window.RS_MODULES.checkMinimal!==undefined) window.RS_MODULES.checkMinimal()}\n\t\t\t\t<\/script>\n\t\t\t<\/rs-module-wrap>\n\t\t\t<!-- END REVOLUTION SLIDER -->\n<\/div><\/div><\/div><\/div>\n","protected":false},"excerpt":{"rendered":"Profesionali\u0173 internetini\u0173svetaini\u0173 k\u016brimas \u012evairaus tipo svetaini\u0173 ir e-parduotuvi\u0173 k\u016brimas, marketingo strategijos ir svetaini\u0173 administravimas","protected":false},"author":1,"featured_media":0,"parent":0,"menu_order":0,"comment_status":"closed","ping_status":"closed","template":"template-home.php","meta":{"footnotes":""},"class_list":["post-259","page","type-page","status-publish","hentry"],"_links":{"self":[{"href":"https:\/\/web-developer.lt\/index.php\/wp-json\/wp\/v2\/pages\/259","targetHints":{"allow":["GET"]}}],"collection":[{"href":"https:\/\/web-developer.lt\/index.php\/wp-json\/wp\/v2\/pages"}],"about":[{"href":"https:\/\/web-developer.lt\/index.php\/wp-json\/wp\/v2\/types\/page"}],"author":[{"embeddable":true,"href":"https:\/\/web-developer.lt\/index.php\/wp-json\/wp\/v2\/users\/1"}],"replies":[{"embeddable":true,"href":"https:\/\/web-developer.lt\/index.php\/wp-json\/wp\/v2\/comments?post=259"}],"version-history":[{"count":2,"href":"https:\/\/web-developer.lt\/index.php\/wp-json\/wp\/v2\/pages\/259\/revisions"}],"predecessor-version":[{"id":19803,"href":"https:\/\/web-developer.lt\/index.php\/wp-json\/wp\/v2\/pages\/259\/revisions\/19803"}],"wp:attachment":[{"href":"https:\/\/web-developer.lt\/index.php\/wp-json\/wp\/v2\/media?parent=259"}],"curies":[{"name":"wp","href":"https:\/\/api.w.org\/{rel}","templated":true}]}}