{"id":242,"date":"2021-04-30T16:44:55","date_gmt":"2021-04-30T16:44:55","guid":{"rendered":"https:\/\/preview.treethemes.com\/hazel\/demo2\/?page_id=242"},"modified":"2023-09-14T15:55:17","modified_gmt":"2023-09-14T15:55:17","slug":"about","status":"publish","type":"page","link":"https:\/\/web-developer.lt\/index.php\/about\/","title":{"rendered":"Apie"},"content":{"rendered":"<div class=\"vc_row wpb_row vc_row-fluid vc_custom_1481576227367\"><div class=\"wpb_animate_when_almost_visible wpb_fadeInUp fadeInUp wpb_column vc_column_container vc_col-sm-12\"><div class=\"vc_column-inner\"><div class=\"wpb_wrapper\"><div id=\"ultimate-heading-441669e0643a4b4bb\" class=\"uvc-heading ult-adjust-bottom-margin ultimate-heading-441669e0643a4b4bb uvc-9271 \" data-hspacer=\"line_only\"  data-halign=\"center\" style=\"text-align:center\"><div class=\"uvc-heading-spacer line_only\" style=\"margin-bottom:40px;height:40px;\"><span class=\"uvc-headings-line\" style=\"border-style:solid;border-bottom-width:40px;border-color:#ccc;width:1px;\"><\/span><\/div><\/div><h6 style=\"font-size: 16px;text-align: center\" class=\"vc_custom_heading\" >Visi WEB sprendimai<\/h6><h2 style=\"font-size: 50px;text-align: center\" class=\"vc_custom_heading\" >APIE MUS<\/h2><div class=\"vc_empty_space\"   style=\"height: 20px\"><span class=\"vc_empty_space_inner\"><\/span><\/div><div class=\"vc_row wpb_row vc_inner vc_row-fluid\"><div class=\"wpb_column vc_column_container vc_col-sm-2\"><div class=\"vc_column-inner\"><div class=\"wpb_wrapper\"><\/div><\/div><\/div><div class=\"wpb_column vc_column_container vc_col-sm-8\"><div class=\"vc_column-inner\"><div class=\"wpb_wrapper\">\n\t<div class=\"wpb_text_column wpb_content_element \" >\n\t\t<div class=\"wpb_wrapper\">\n\t\t\t<p style=\"text-align: center; font-size: 16px;\">Turime daugiau nei 10 met\u0173 patirt\u012f administruojant svetaines ir el. parduotuves. Suderinus \u0161ias \u017einias su 2+ met\u0173 programavimo patirtimi, tiksliai \u017einome, ko reikia, kad pirmoji s\u0105veika su potencialiu J\u016bs\u0173 klientu b\u016bt\u0173 sklandi ir atne\u0161t\u0173 did\u017eiausi\u0105 naud\u0105.<\/p>\n\n\t\t<\/div>\n\t<\/div>\n<\/div><\/div><\/div><div class=\"wpb_column vc_column_container vc_col-sm-2\"><div class=\"vc_column-inner\"><div class=\"wpb_wrapper\"><\/div><\/div><\/div><\/div><\/div><\/div><\/div><\/div><div data-vc-full-width=\"true\" data-vc-full-width-init=\"false\" data-vc-stretch-content=\"true\" class=\"vc_row wpb_row vc_row-fluid vc_row-no-padding\"><div class=\"wpb_column vc_column_container vc_col-sm-12\"><div class=\"vc_column-inner\"><div class=\"wpb_wrapper\">\n\t<div  class=\"wpb_single_image wpb_content_element vc_align_center  wpb_animate_when_almost_visible wpb_bottom-to-top bottom-to-top\">\n\t\t\n\t\t<figure class=\"wpb_wrapper vc_figure\">\n\t\t\t<div class=\"vc_single_image-wrapper   vc_box_border_grey\"><img loading=\"lazy\" decoding=\"async\" width=\"900\" height=\"215\" src=\"https:\/\/web-developer.lt\/wp-content\/uploads\/2021\/04\/work-team1.jpg\" class=\"vc_single_image-img attachment-full\" alt=\"\" srcset=\"https:\/\/web-developer.lt\/wp-content\/uploads\/2021\/04\/work-team1.jpg 900w, https:\/\/web-developer.lt\/wp-content\/uploads\/2021\/04\/work-team1-300x72.jpg 300w, https:\/\/web-developer.lt\/wp-content\/uploads\/2021\/04\/work-team1-768x183.jpg 768w\" sizes=\"auto, (max-width: 900px) 100vw, 900px\" \/><\/div>\n\t\t<\/figure>\n\t<\/div>\n<\/div><\/div><\/div><\/div><div class=\"vc_row-full-width vc_clearfix\"><\/div>\n","protected":false},"excerpt":{"rendered":"Visi WEB sprendimaiAPIE MUS Turime daugiau nei 10 met\u0173 patirt\u012f administruojant svetaines ir el. parduotuves. Suderinus \u0161ias \u017einias su 2+ met\u0173 programavimo patirtimi, tiksliai \u017einome, ko reikia, kad pirmoji s\u0105veika su potencialiu J\u016bs\u0173 klientu b\u016bt\u0173 sklandi ir atne\u0161t\u0173 did\u017eiausi\u0105 naud\u0105.","protected":false},"author":1,"featured_media":0,"parent":0,"menu_order":0,"comment_status":"closed","ping_status":"closed","template":"one-page-template.php","meta":{"footnotes":""},"class_list":["post-242","page","type-page","status-publish","hentry"],"_links":{"self":[{"href":"https:\/\/web-developer.lt\/index.php\/wp-json\/wp\/v2\/pages\/242","targetHints":{"allow":["GET"]}}],"collection":[{"href":"https:\/\/web-developer.lt\/index.php\/wp-json\/wp\/v2\/pages"}],"about":[{"href":"https:\/\/web-developer.lt\/index.php\/wp-json\/wp\/v2\/types\/page"}],"author":[{"embeddable":true,"href":"https:\/\/web-developer.lt\/index.php\/wp-json\/wp\/v2\/users\/1"}],"replies":[{"embeddable":true,"href":"https:\/\/web-developer.lt\/index.php\/wp-json\/wp\/v2\/comments?post=242"}],"version-history":[{"count":5,"href":"https:\/\/web-developer.lt\/index.php\/wp-json\/wp\/v2\/pages\/242\/revisions"}],"predecessor-version":[{"id":19834,"href":"https:\/\/web-developer.lt\/index.php\/wp-json\/wp\/v2\/pages\/242\/revisions\/19834"}],"wp:attachment":[{"href":"https:\/\/web-developer.lt\/index.php\/wp-json\/wp\/v2\/media?parent=242"}],"curies":[{"name":"wp","href":"https:\/\/api.w.org\/{rel}","templated":true}]}}